{"id":13,"date":"2017-10-12T10:14:16","date_gmt":"2017-10-12T10:14:16","guid":{"rendered":"http:\/\/carrubbamaler.ch\/?page_id=13"},"modified":"2018-03-19T07:44:50","modified_gmt":"2018-03-19T07:44:50","slug":"home","status":"publish","type":"page","link":"https:\/\/carrubbamaler.ch\/","title":{"rendered":"Home"},"content":{"rendered":"\t<div class=\"img has-hover x md-x lg-x y md-y lg-y\" id=\"image_1331138610\">\n\t\t\t\t\t\t\t\t<div class=\"img-inner dark\" >\n\t\t\t<img loading=\"lazy\" decoding=\"async\" width=\"1020\" height=\"305\" src=\"https:\/\/carrubbamaler.ch\/wp-content\/uploads\/2018\/03\/Fotolia_163895534_S-1024x306.jpg\" class=\"attachment-large size-large\" alt=\"\" srcset=\"https:\/\/carrubbamaler.ch\/wp-content\/uploads\/2018\/03\/Fotolia_163895534_S-1024x306.jpg 1024w, https:\/\/carrubbamaler.ch\/wp-content\/uploads\/2018\/03\/Fotolia_163895534_S-300x90.jpg 300w, https:\/\/carrubbamaler.ch\/wp-content\/uploads\/2018\/03\/Fotolia_163895534_S-768x230.jpg 768w, https:\/\/carrubbamaler.ch\/wp-content\/uploads\/2018\/03\/Fotolia_163895534_S.jpg 1267w\" sizes=\"auto, (max-width: 1020px) 100vw, 1020px\" \/>\t\t\t\t\t\t\n\t\t\t\t\t<\/div>\n\t\t\t\t\t\t\t\t\n<style scope=\"scope\">\n\n#image_1331138610 {\n  width: 100%;\n}\n<\/style>\n\t<\/div>\n\t\n<section class=\"content content--narrow\">\n<h2>Wir haben die ganze Palette.<\/h2>\n<\/section>\n<section class=\"content content--narrow ce-textpic ce-right ce-intext\">Unser Malerbetrieb bietet die ganze Palette des Malerhandwerks f\u00fcr individuelle und umfassende L\u00f6sungen im Innen- und Aussenbereich.<\/p>\n<p>Wir verwirklichen fachtechnische\u00a0und gestalterische L\u00f6sungen f\u00fcr Renovationen, Umbauten und Neubauten sowie f\u00fcr Denkmalschutzobjekte. Zus\u00e4tzlich beherrschen wir eine Vielzahl von Spezialtechniken, die von Stucco Veneziano \u00fcber\u00a0Lasurtechniken bis hin zu Hochglanzlackierungen reichen.<\/p>\n<p>Als zuverl\u00e4ssiger Partner, mit gut ausgebildeten Spezialisten und Fachkr\u00e4ften bedienen und beraten wir Sie professionell und kompetent in allen fachtechnischen Belangen. Im Vordergrund stehen individueller Service und werterhaltende L\u00f6sungen \u2013\u00a0<strong>vom Denkmalschutzobjekt bis zum modernen Neubau.<\/strong><\/p>\n<\/section>\n<div class=\"slider-wrapper relative\" id=\"slider-793182146\" >\n    <div class=\"slider slider-nav-circle slider-nav-large slider-nav-light slider-style-normal\"\n        data-flickity-options='{\n            \"cellAlign\": \"center\",\n            \"imagesLoaded\": true,\n            \"lazyLoad\": 1,\n            \"freeScroll\": false,\n            \"wrapAround\": true,\n            \"autoPlay\": 6000,\n            \"pauseAutoPlayOnHover\" : true,\n            \"prevNextButtons\": true,\n            \"contain\" : true,\n            \"adaptiveHeight\" : true,\n            \"dragThreshold\" : 10,\n            \"percentPosition\": true,\n            \"pageDots\": true,\n            \"rightToLeft\": false,\n            \"draggable\": true,\n            \"selectedAttraction\": 0.1,\n            \"parallax\" : 0,\n            \"friction\": 0.6        }'\n        >\n        \n     <\/div>\n\n     <div class=\"loading-spin dark large centered\"><\/div>\n\n     <style scope=\"scope\">\n             <\/style>\n<\/div>\n\n\n","protected":false},"excerpt":{"rendered":"<p>Wir haben die ganze Palette. Unser Malerbetrieb bietet die ganze Palette des Malerhandwerks f\u00fcr individuelle und umfassende L\u00f6sungen im Innen- und Aussenbereich. Wir verwirklichen fachtechnische\u00a0und gestalterische L\u00f6sungen f\u00fcr Renovationen, Umbauten und Neubauten sowie f\u00fcr Denkmalschutzobjekte. Zus\u00e4tzlich beherrschen wir eine Vielzahl von Spezialtechniken, die von Stucco Veneziano \u00fcber\u00a0Lasurtechniken bis hin zu Hochglanzlackierungen reichen. Als zuverl\u00e4ssiger Partner, [&#8230;]\n","protected":false},"author":1,"featured_media":0,"parent":0,"menu_order":0,"comment_status":"closed","ping_status":"closed","template":"page-blank-title-center.php","meta":{"footnotes":""},"class_list":["post-13","page","type-page","status-publish","hentry"],"_links":{"self":[{"href":"https:\/\/carrubbamaler.ch\/index.php?rest_route=\/wp\/v2\/pages\/13","targetHints":{"allow":["GET"]}}],"collection":[{"href":"https:\/\/carrubbamaler.ch\/index.php?rest_route=\/wp\/v2\/pages"}],"about":[{"href":"https:\/\/carrubbamaler.ch\/index.php?rest_route=\/wp\/v2\/types\/page"}],"author":[{"embeddable":true,"href":"https:\/\/carrubbamaler.ch\/index.php?rest_route=\/wp\/v2\/users\/1"}],"replies":[{"embeddable":true,"href":"https:\/\/carrubbamaler.ch\/index.php?rest_route=%2Fwp%2Fv2%2Fcomments&post=13"}],"version-history":[{"count":6,"href":"https:\/\/carrubbamaler.ch\/index.php?rest_route=\/wp\/v2\/pages\/13\/revisions"}],"predecessor-version":[{"id":75,"href":"https:\/\/carrubbamaler.ch\/index.php?rest_route=\/wp\/v2\/pages\/13\/revisions\/75"}],"wp:attachment":[{"href":"https:\/\/carrubbamaler.ch\/index.php?rest_route=%2Fwp%2Fv2%2Fmedia&parent=13"}],"curies":[{"name":"wp","href":"https:\/\/api.w.org\/{rel}","templated":true}]}}