{"id":52,"date":"2018-03-19T07:34:42","date_gmt":"2018-03-19T07:34:42","guid":{"rendered":"http:\/\/carrubbamaler.ch\/?page_id=52"},"modified":"2018-03-19T08:58:21","modified_gmt":"2018-03-19T08:58:21","slug":"malerservice","status":"publish","type":"page","link":"https:\/\/carrubbamaler.ch\/?page_id=52","title":{"rendered":"Malerservice"},"content":{"rendered":"<header>\n<h2>Maler-Service<\/h2>\n<h3>Schnell, flexibel und mobil vor Ort<\/h3>\n<\/header>\n<p>Unser rascher und kompetenter\u00a0Maler-Service kommt\u00a0auf Anruf direkt zu Ihnen nach Hause und f\u00fchrt die gew\u00fcnschten Malerarbeiten kompetent und zuverl\u00e4ssig aus.\u00a0Geeignet f\u00fcr alle kleineren und kleinsten Malerarbeiten sowie Kurzfristiges. Zum Beispiel Wohnungswechsel, Renovationen von Wohn- und Gesch\u00e4ftsr\u00e4umlichkeiten sowie Wasser- oder Einbruchsch\u00e4den oder Ausbesserungen im Innen- und Aussenbereich \u2013\u00a0<strong>schnell, flexibel und mobil vor Ort.<\/strong><\/p>\n\n  <div class=\"banner has-hover\" id=\"banner-2119935550\">\n          <div class=\"banner-inner fill\">\n        <div class=\"banner-bg fill\" >\n            <div class=\"bg fill bg-fill \"><\/div>\n                                    \n                    <\/div>\n        <div class=\"banner-layers container\">\n            <div class=\"fill banner-link\"><\/div>            \n   <div id=\"text-box-605686164\" class=\"text-box banner-layer x0 md-x0 lg-x0 y10 md-y10 lg-y10 res-text\">\n                                <div class=\"text dark\">\n              \n              <div class=\"text-inner text-center\">\n                  \n<h3 class=\"uppercase\"><strong>Maler Service<\/strong><\/h3>\n<p>\u00a0<\/p>\n              <\/div>\n           <\/div>\n                            \n<style scope=\"scope\">\n\n#text-box-605686164 {\n  width: 60%;\n}\n#text-box-605686164 .text {\n  font-size: 100%;\n}\n<\/style>\n    <\/div>\n \n        <\/div>\n      <\/div>\n\n            \n<style scope=\"scope\">\n\n#banner-2119935550 {\n  padding-top: 500px;\n}\n#banner-2119935550 .bg.bg-loaded {\n  background-image: url(https:\/\/carrubbamaler.ch\/wp-content\/uploads\/2018\/03\/Fotolia_195042789_S.jpg);\n}\n#banner-2119935550 .bg {\n  background-position: 57% 0%;\n}\n<\/style>\n  <\/div>\n\n\n","protected":false},"excerpt":{"rendered":"<p>Maler-Service Schnell, flexibel und mobil vor Ort Unser rascher und kompetenter\u00a0Maler-Service kommt\u00a0auf Anruf direkt zu Ihnen nach Hause und f\u00fchrt die gew\u00fcnschten Malerarbeiten kompetent und zuverl\u00e4ssig aus.\u00a0Geeignet f\u00fcr alle kleineren und kleinsten Malerarbeiten sowie Kurzfristiges. Zum Beispiel Wohnungswechsel, Renovationen von Wohn- und Gesch\u00e4ftsr\u00e4umlichkeiten sowie Wasser- oder Einbruchsch\u00e4den oder Ausbesserungen im Innen- und Aussenbereich \u2013\u00a0schnell, flexibel [&#8230;]\n","protected":false},"author":1,"featured_media":0,"parent":0,"menu_order":0,"comment_status":"closed","ping_status":"closed","template":"","meta":{"footnotes":""},"class_list":["post-52","page","type-page","status-publish","hentry"],"_links":{"self":[{"href":"https:\/\/carrubbamaler.ch\/index.php?rest_route=\/wp\/v2\/pages\/52","targetHints":{"allow":["GET"]}}],"collection":[{"href":"https:\/\/carrubbamaler.ch\/index.php?rest_route=\/wp\/v2\/pages"}],"about":[{"href":"https:\/\/carrubbamaler.ch\/index.php?rest_route=\/wp\/v2\/types\/page"}],"author":[{"embeddable":true,"href":"https:\/\/carrubbamaler.ch\/index.php?rest_route=\/wp\/v2\/users\/1"}],"replies":[{"embeddable":true,"href":"https:\/\/carrubbamaler.ch\/index.php?rest_route=%2Fwp%2Fv2%2Fcomments&post=52"}],"version-history":[{"count":5,"href":"https:\/\/carrubbamaler.ch\/index.php?rest_route=\/wp\/v2\/pages\/52\/revisions"}],"predecessor-version":[{"id":92,"href":"https:\/\/carrubbamaler.ch\/index.php?rest_route=\/wp\/v2\/pages\/52\/revisions\/92"}],"wp:attachment":[{"href":"https:\/\/carrubbamaler.ch\/index.php?rest_route=%2Fwp%2Fv2%2Fmedia&parent=52"}],"curies":[{"name":"wp","href":"https:\/\/api.w.org\/{rel}","templated":true}]}}