{"id":54,"date":"2018-03-19T07:35:02","date_gmt":"2018-03-19T07:35:02","guid":{"rendered":"http:\/\/carrubbamaler.ch\/?page_id=54"},"modified":"2018-03-19T08:55:40","modified_gmt":"2018-03-19T08:55:40","slug":"graffitiservice","status":"publish","type":"page","link":"https:\/\/carrubbamaler.ch\/?page_id=54","title":{"rendered":"Graffitiservice"},"content":{"rendered":"<header>\n<h2>Graffiti-Service<\/h2>\n<h3>Von Schutzmassnahmen bis zur schonenden Graffitientfernung<\/h3>\n<\/header>\n<p>Unser Graffiti-Service ist zust\u00e4ndig f\u00fcr alle Fragen des Oberfl\u00e4chenschutzes und der Graffitientfernung. Wir sch\u00fctzen Ihre Fassaden, Garagentore, Gartenmauern und Hauseing\u00e4nge pr\u00e4ventiv und umweltfreundlich, um wiederholte Verschmutzungen einfacher, schneller und kosteng\u00fcnstiger entfernen zu k\u00f6nnen. Graffiti, Tags und Verschmutzungen entfernen wir zuverl\u00e4ssig, schonend und rasch und sind bei Bedarf innert Tagesfrist bei Ihnen vor Ort im Einsatz. Der Graffiti-Service:\u00a0<strong>von Schutzbeschichtungen bis zur schonenden Graffitientfernung.<\/strong><\/p>\n\n  <div class=\"banner has-hover\" id=\"banner-1886057220\">\n          <div class=\"banner-inner fill\">\n        <div class=\"banner-bg fill\" >\n            <div class=\"bg fill bg-fill \"><\/div>\n                                    \n                    <\/div>\n        <div class=\"banner-layers container\">\n            <div class=\"fill banner-link\"><\/div>            \n   <div id=\"text-box-270194120\" class=\"text-box banner-layer x5 md-x5 lg-x5 y75 md-y75 lg-y75 res-text\">\n                                <div class=\"text dark\">\n              \n              <div class=\"text-inner text-center\">\n                  \n              <\/div>\n           <\/div>\n                            \n<style scope=\"scope\">\n\n#text-box-270194120 {\n  width: 60%;\n}\n#text-box-270194120 .text {\n  font-size: 100%;\n}\n<\/style>\n    <\/div>\n \n        <\/div>\n      <\/div>\n\n            \n<style scope=\"scope\">\n\n#banner-1886057220 {\n  padding-top: 500px;\n}\n#banner-1886057220 .bg.bg-loaded {\n  background-image: url(https:\/\/carrubbamaler.ch\/wp-content\/uploads\/2018\/03\/Fotolia_183733232_S.jpg);\n}\n<\/style>\n  <\/div>\n\n\n","protected":false},"excerpt":{"rendered":"<p>Graffiti-Service Von Schutzmassnahmen bis zur schonenden Graffitientfernung Unser Graffiti-Service ist zust\u00e4ndig f\u00fcr alle Fragen des Oberfl\u00e4chenschutzes und der Graffitientfernung. Wir sch\u00fctzen Ihre Fassaden, Garagentore, Gartenmauern und Hauseing\u00e4nge pr\u00e4ventiv und umweltfreundlich, um wiederholte Verschmutzungen einfacher, schneller und kosteng\u00fcnstiger entfernen zu k\u00f6nnen. Graffiti, Tags und Verschmutzungen entfernen wir zuverl\u00e4ssig, schonend und rasch und sind bei Bedarf innert [&#8230;]\n","protected":false},"author":1,"featured_media":0,"parent":0,"menu_order":0,"comment_status":"closed","ping_status":"closed","template":"","meta":{"footnotes":""},"class_list":["post-54","page","type-page","status-publish","hentry"],"_links":{"self":[{"href":"https:\/\/carrubbamaler.ch\/index.php?rest_route=\/wp\/v2\/pages\/54","targetHints":{"allow":["GET"]}}],"collection":[{"href":"https:\/\/carrubbamaler.ch\/index.php?rest_route=\/wp\/v2\/pages"}],"about":[{"href":"https:\/\/carrubbamaler.ch\/index.php?rest_route=\/wp\/v2\/types\/page"}],"author":[{"embeddable":true,"href":"https:\/\/carrubbamaler.ch\/index.php?rest_route=\/wp\/v2\/users\/1"}],"replies":[{"embeddable":true,"href":"https:\/\/carrubbamaler.ch\/index.php?rest_route=%2Fwp%2Fv2%2Fcomments&post=54"}],"version-history":[{"count":3,"href":"https:\/\/carrubbamaler.ch\/index.php?rest_route=\/wp\/v2\/pages\/54\/revisions"}],"predecessor-version":[{"id":88,"href":"https:\/\/carrubbamaler.ch\/index.php?rest_route=\/wp\/v2\/pages\/54\/revisions\/88"}],"wp:attachment":[{"href":"https:\/\/carrubbamaler.ch\/index.php?rest_route=%2Fwp%2Fv2%2Fmedia&parent=54"}],"curies":[{"name":"wp","href":"https:\/\/api.w.org\/{rel}","templated":true}]}}