{"id":58,"date":"2018-03-19T07:35:28","date_gmt":"2018-03-19T07:35:28","guid":{"rendered":"http:\/\/carrubbamaler.ch\/?page_id=58"},"modified":"2018-03-19T09:02:07","modified_gmt":"2018-03-19T09:02:07","slug":"gipserservice","status":"publish","type":"page","link":"https:\/\/carrubbamaler.ch\/?page_id=58","title":{"rendered":"Gipserservice"},"content":{"rendered":"<header>\n<h2>Gipser-Service<\/h2>\n<h3>Von einfachen Ausbesserungen bis zu kleineren Sanierungen<\/h3>\n<\/header>\n<p>Unser Gipser-Service kommt f\u00fcr Sie zum Zug, wenn Gipserarbeiten im Zusammenhang mit Malerarbeiten notwendig werden. Dazu geh\u00f6ren kleine Ausbesserungen von Untergr\u00fcnden, das Verbauen von Gipskartonplatten, das\u00a0Abh\u00e4ngen kleiner Decken und das Anbringen von Gips- oder Styroporprofilen, Stellen von W\u00e4nden, Abrieb aufbringen, Reparaturen von Aussenisolationen.<\/p>\n<p>Als zuverl\u00e4ssiger Partner sorgen wir f\u00fcr eine\u00a0Gipserarbeit, die solide Untergr\u00fcnde f\u00fcr Malerarbeiten schafft \u2013\u00a0<strong>von einfachen Ausbesserungen bis zu kleineren Sanierungen.<\/strong><\/p>\n\n  <div class=\"banner has-hover\" id=\"banner-1085934650\">\n          <div class=\"banner-inner fill\">\n        <div class=\"banner-bg fill\" >\n            <div class=\"bg fill bg-fill \"><\/div>\n                        <div class=\"overlay\"><\/div>            \n                    <\/div>\n        <div class=\"banner-layers container\">\n            <div class=\"fill banner-link\"><\/div>            \n   <div id=\"text-box-1922636926\" class=\"text-box banner-layer text-box-circle x95 md-x95 lg-x95 y5 md-y5 lg-y5 res-text\">\n                                <div class=\"text box-shadow-3 dark\">\n              \n              <div class=\"text-inner text-center\">\n                  \n<h2 class=\"uppercase\"><strong>Gipser Service<\/strong><\/h2>\n<h3>Von einfachen Ausbesserungen bis zu kleineren Sanierungen<\/h3>\n              <\/div>\n           <\/div>\n                            \n<style scope=\"scope\">\n\n#text-box-1922636926 .text {\n  background-color: rgba(0, 0, 0, 0.86);\n  font-size: 100%;\n}\n#text-box-1922636926 .text-inner {\n  padding: 30px 30px 30px 30px;\n}\n#text-box-1922636926 {\n  width: 60%;\n}\n\n\n@media (min-width:550px) {\n\n  #text-box-1922636926 {\n    width: 30%;\n  }\n\n}\n<\/style>\n    <\/div>\n \n        <\/div>\n      <\/div>\n\n            \n<style scope=\"scope\">\n\n#banner-1085934650 {\n  padding-top: 500px;\n}\n#banner-1085934650 .bg.bg-loaded {\n  background-image: url(https:\/\/carrubbamaler.ch\/wp-content\/uploads\/2018\/03\/Fotolia_139296387_S.jpg);\n}\n#banner-1085934650 .overlay {\n  background-color: rgba(0, 0, 0, 0.2);\n}\n<\/style>\n  <\/div>\n\n\n","protected":false},"excerpt":{"rendered":"<p>Gipser-Service Von einfachen Ausbesserungen bis zu kleineren Sanierungen Unser Gipser-Service kommt f\u00fcr Sie zum Zug, wenn Gipserarbeiten im Zusammenhang mit Malerarbeiten notwendig werden. Dazu geh\u00f6ren kleine Ausbesserungen von Untergr\u00fcnden, das Verbauen von Gipskartonplatten, das\u00a0Abh\u00e4ngen kleiner Decken und das Anbringen von Gips- oder Styroporprofilen, Stellen von W\u00e4nden, Abrieb aufbringen, Reparaturen von Aussenisolationen. Als zuverl\u00e4ssiger Partner sorgen [&#8230;]\n","protected":false},"author":1,"featured_media":0,"parent":0,"menu_order":0,"comment_status":"closed","ping_status":"closed","template":"","meta":{"footnotes":""},"class_list":["post-58","page","type-page","status-publish","hentry"],"_links":{"self":[{"href":"https:\/\/carrubbamaler.ch\/index.php?rest_route=\/wp\/v2\/pages\/58","targetHints":{"allow":["GET"]}}],"collection":[{"href":"https:\/\/carrubbamaler.ch\/index.php?rest_route=\/wp\/v2\/pages"}],"about":[{"href":"https:\/\/carrubbamaler.ch\/index.php?rest_route=\/wp\/v2\/types\/page"}],"author":[{"embeddable":true,"href":"https:\/\/carrubbamaler.ch\/index.php?rest_route=\/wp\/v2\/users\/1"}],"replies":[{"embeddable":true,"href":"https:\/\/carrubbamaler.ch\/index.php?rest_route=%2Fwp%2Fv2%2Fcomments&post=58"}],"version-history":[{"count":3,"href":"https:\/\/carrubbamaler.ch\/index.php?rest_route=\/wp\/v2\/pages\/58\/revisions"}],"predecessor-version":[{"id":94,"href":"https:\/\/carrubbamaler.ch\/index.php?rest_route=\/wp\/v2\/pages\/58\/revisions\/94"}],"wp:attachment":[{"href":"https:\/\/carrubbamaler.ch\/index.php?rest_route=%2Fwp%2Fv2%2Fmedia&parent=58"}],"curies":[{"name":"wp","href":"https:\/\/api.w.org\/{rel}","templated":true}]}}