{"id":60,"date":"2018-03-19T07:35:44","date_gmt":"2018-03-19T07:35:44","guid":{"rendered":"http:\/\/carrubbamaler.ch\/?page_id=60"},"modified":"2018-03-19T08:52:14","modified_gmt":"2018-03-19T08:52:14","slug":"schimmelservice","status":"publish","type":"page","link":"https:\/\/carrubbamaler.ch\/?page_id=60","title":{"rendered":"Schimmelservice"},"content":{"rendered":"<header>\n<h2>Schimmel-Service<\/h2>\n<h3>Hier geht es um Ihre Gesundheit<\/h3>\n<\/header>\n<p>Schimmelpilze in Innenr\u00e4umen sind ein zunehmendes Problem. Sie entstehen durch feuchte Innenluft und\/oder kalte Aussenw\u00e4nde, was neben bauphysikalischen Problemen oft auch mit falschem oder mangelndem L\u00fcften zu tun hat.<\/p>\n<p>R\u00e4ume mit Schimmelpilzbefall sollten sobald als m\u00f6glich saniert werden. Unsere Spezialisten kl\u00e4ren die Ursachen ab und l\u00f6sen danach das Problem schnell, nachhaltig und mit umweltvertr\u00e4glichen Mitteln. Fragen Sie uns \u2013 wir beraten Sie kompetent, damit Sie in Ihre R\u00e4umen unbedenklich wohnen k\u00f6nnen\u00a0<strong>&#8211; r<\/strong><strong>ichtig L\u00fcften, Gesundheit sch\u00fctzen.<\/strong><\/p>\n\n  <div class=\"banner has-hover\" id=\"banner-1945845783\">\n          <div class=\"banner-inner fill\">\n        <div class=\"banner-bg fill\" >\n            <div class=\"bg fill bg-fill \"><\/div>\n                        <div class=\"overlay\"><\/div>            \n                    <\/div>\n        <div class=\"banner-layers container\">\n            <div class=\"fill banner-link\"><\/div>            \n   <div id=\"text-box-1440598369\" class=\"text-box banner-layer x50 md-x50 lg-x50 y50 md-y50 lg-y50 res-text\">\n                                <div class=\"text dark\">\n              \n              <div class=\"text-inner text-center\">\n                  \n<h3 class=\"uppercase\">Schimmel-Service<\/h3>\n<h3>Hier geht es um Ihre Gesundheit<\/h3>\n              <\/div>\n           <\/div>\n                            \n<style scope=\"scope\">\n\n#text-box-1440598369 {\n  width: 60%;\n}\n#text-box-1440598369 .text {\n  font-size: 100%;\n}\n<\/style>\n    <\/div>\n \n        <\/div>\n      <\/div>\n\n            \n<style scope=\"scope\">\n\n#banner-1945845783 {\n  padding-top: 500px;\n}\n#banner-1945845783 .bg.bg-loaded {\n  background-image: url(https:\/\/carrubbamaler.ch\/wp-content\/uploads\/2018\/03\/Fotolia_187149297_S.jpg);\n}\n#banner-1945845783 .overlay {\n  background-color: rgba(0, 0, 0, 0.17);\n}\n<\/style>\n  <\/div>\n\n\n","protected":false},"excerpt":{"rendered":"<p>Schimmel-Service Hier geht es um Ihre Gesundheit Schimmelpilze in Innenr\u00e4umen sind ein zunehmendes Problem. Sie entstehen durch feuchte Innenluft und\/oder kalte Aussenw\u00e4nde, was neben bauphysikalischen Problemen oft auch mit falschem oder mangelndem L\u00fcften zu tun hat. R\u00e4ume mit Schimmelpilzbefall sollten sobald als m\u00f6glich saniert werden. Unsere Spezialisten kl\u00e4ren die Ursachen ab und l\u00f6sen danach das [&#8230;]\n","protected":false},"author":1,"featured_media":0,"parent":0,"menu_order":0,"comment_status":"closed","ping_status":"closed","template":"","meta":{"footnotes":""},"class_list":["post-60","page","type-page","status-publish","hentry"],"_links":{"self":[{"href":"https:\/\/carrubbamaler.ch\/index.php?rest_route=\/wp\/v2\/pages\/60","targetHints":{"allow":["GET"]}}],"collection":[{"href":"https:\/\/carrubbamaler.ch\/index.php?rest_route=\/wp\/v2\/pages"}],"about":[{"href":"https:\/\/carrubbamaler.ch\/index.php?rest_route=\/wp\/v2\/types\/page"}],"author":[{"embeddable":true,"href":"https:\/\/carrubbamaler.ch\/index.php?rest_route=\/wp\/v2\/users\/1"}],"replies":[{"embeddable":true,"href":"https:\/\/carrubbamaler.ch\/index.php?rest_route=%2Fwp%2Fv2%2Fcomments&post=60"}],"version-history":[{"count":3,"href":"https:\/\/carrubbamaler.ch\/index.php?rest_route=\/wp\/v2\/pages\/60\/revisions"}],"predecessor-version":[{"id":86,"href":"https:\/\/carrubbamaler.ch\/index.php?rest_route=\/wp\/v2\/pages\/60\/revisions\/86"}],"wp:attachment":[{"href":"https:\/\/carrubbamaler.ch\/index.php?rest_route=%2Fwp%2Fv2%2Fmedia&parent=60"}],"curies":[{"name":"wp","href":"https:\/\/api.w.org\/{rel}","templated":true}]}}